{"id":1079,"date":"2021-06-30T12:22:25","date_gmt":"2021-06-30T10:22:25","guid":{"rendered":"https:\/\/www.chalet-savoie.com\/?page_id=1079"},"modified":"2021-08-04T15:48:17","modified_gmt":"2021-08-04T13:48:17","slug":"other-activities-savoie","status":"publish","type":"page","link":"https:\/\/www.chalet-savoie.com\/en\/autres-activites-savoie\/","title":{"rendered":"Other activities"},"content":{"rendered":"<div data-elementor-type=\"wp-page\" data-elementor-id=\"1079\" class=\"elementor elementor-1079\" data-elementor-post-type=\"page\">\n\t\t\t\t\t\t<section class=\"elementor-section elementor-top-section elementor-element elementor-element-0189010 elementor-section-full_width elementor-section-height-min-height elementor-section-items-bottom elementor-section-height-default\" data-id=\"0189010\" data-element_type=\"section\" data-e-type=\"section\" data-settings=\"{&quot;background_background&quot;:&quot;classic&quot;}\">\n\t\t\t\t\t\t<div class=\"elementor-container elementor-column-gap-no\">\n\t\t\t\t\t<div class=\"elementor-column elementor-col-100 elementor-top-column elementor-element elementor-element-d3272d5\" data-id=\"d3272d5\" data-element_type=\"column\" data-e-type=\"column\">\n\t\t\t<div class=\"elementor-widget-wrap elementor-element-populated\">\n\t\t\t\t\t\t<div class=\"elementor-element elementor-element-737fe14 elementor-widget elementor-widget-heading\" data-id=\"737fe14\" data-element_type=\"widget\" data-e-type=\"widget\" data-widget_type=\"heading.default\">\n\t\t\t\t<div class=\"elementor-widget-container\">\n\t\t\t\t\t<h1 class=\"elementor-heading-title elementor-size-default\">Surroundings<\/h1>\t\t\t\t<\/div>\n\t\t\t\t<\/div>\n\t\t\t\t<div class=\"elementor-element elementor-element-ee1cf75 elementor-hidden-desktop elementor-hidden-tablet elementor-widget elementor-widget-image\" data-id=\"ee1cf75\" data-element_type=\"widget\" data-e-type=\"widget\" data-widget_type=\"image.default\">\n\t\t\t\t<div class=\"elementor-widget-container\">\n\t\t\t\t\t\t\t\t\t\t\t\t\t\t\t<img decoding=\"async\" width=\"390\" height=\"93\" src=\"https:\/\/www.chalet-savoie.com\/wp-content\/uploads\/2021\/06\/Trace-254-1.png\" class=\"attachment-full size-full wp-image-189\" alt=\"\" srcset=\"https:\/\/www.chalet-savoie.com\/wp-content\/uploads\/2021\/06\/Trace-254-1.png 390w, https:\/\/www.chalet-savoie.com\/wp-content\/uploads\/2021\/06\/Trace-254-1-300x72.png 300w, https:\/\/www.chalet-savoie.com\/wp-content\/uploads\/2021\/06\/Trace-254-1-16x4.png 16w\" sizes=\"(max-width: 390px) 100vw, 390px\" title=\"Photo -\">\t\t\t\t\t\t\t\t\t\t\t\t\t\t\t<\/div>\n\t\t\t\t<\/div>\n\t\t\t\t<div class=\"elementor-element elementor-element-1c4c69c elementor-hidden-phone elementor-widget elementor-widget-image\" data-id=\"1c4c69c\" data-element_type=\"widget\" data-e-type=\"widget\" data-widget_type=\"image.default\">\n\t\t\t\t<div class=\"elementor-widget-container\">\n\t\t\t\t\t\t\t\t\t\t\t\t\t\t\t<img fetchpriority=\"high\" decoding=\"async\" width=\"1920\" height=\"87\" src=\"https:\/\/www.chalet-savoie.com\/wp-content\/uploads\/2021\/06\/Trace-254-2.png\" class=\"attachment-full size-full wp-image-190\" alt=\"\" srcset=\"https:\/\/www.chalet-savoie.com\/wp-content\/uploads\/2021\/06\/Trace-254-2.png 1920w, https:\/\/www.chalet-savoie.com\/wp-content\/uploads\/2021\/06\/Trace-254-2-300x14.png 300w, https:\/\/www.chalet-savoie.com\/wp-content\/uploads\/2021\/06\/Trace-254-2-1024x46.png 1024w, https:\/\/www.chalet-savoie.com\/wp-content\/uploads\/2021\/06\/Trace-254-2-768x35.png 768w, https:\/\/www.chalet-savoie.com\/wp-content\/uploads\/2021\/06\/Trace-254-2-1536x70.png 1536w, https:\/\/www.chalet-savoie.com\/wp-content\/uploads\/2021\/06\/Trace-254-2-16x1.png 16w\" sizes=\"(max-width: 1920px) 100vw, 1920px\" title=\"Photo -\">\t\t\t\t\t\t\t\t\t\t\t\t\t\t\t<\/div>\n\t\t\t\t<\/div>\n\t\t\t\t\t<\/div>\n\t\t<\/div>\n\t\t\t\t\t<\/div>\n\t\t<\/section>\n\t\t\t\t<section class=\"elementor-section elementor-top-section elementor-element elementor-element-aa466b3 elementor-reverse-mobile elementor-section-boxed elementor-section-height-default elementor-section-height-default\" data-id=\"aa466b3\" data-element_type=\"section\" data-e-type=\"section\">\n\t\t\t\t\t\t<div class=\"elementor-container elementor-column-gap-default\">\n\t\t\t\t\t<div class=\"elementor-column elementor-col-50 elementor-top-column elementor-element elementor-element-b4204d7 elementor-invisible\" data-id=\"b4204d7\" data-element_type=\"column\" data-e-type=\"column\" data-settings=\"{&quot;animation&quot;:&quot;fadeInLeft&quot;}\">\n\t\t\t<div class=\"elementor-widget-wrap elementor-element-populated\">\n\t\t\t\t\t\t<div class=\"elementor-element elementor-element-e68150e elementor-widget elementor-widget-image\" data-id=\"e68150e\" data-element_type=\"widget\" data-e-type=\"widget\" data-widget_type=\"image.default\">\n\t\t\t\t<div class=\"elementor-widget-container\">\n\t\t\t\t\t\t\t\t\t\t\t\t\t\t\t<img decoding=\"async\" width=\"1144\" height=\"990\" src=\"https:\/\/www.chalet-savoie.com\/wp-content\/uploads\/2021\/06\/Bois-coupe-interieur-AdobeStock_-4@2x.png\" class=\"attachment-2048x2048 size-2048x2048 wp-image-112\" alt=\"\" srcset=\"https:\/\/www.chalet-savoie.com\/wp-content\/uploads\/2021\/06\/Bois-coupe-interieur-AdobeStock_-4@2x.png 1144w, https:\/\/www.chalet-savoie.com\/wp-content\/uploads\/2021\/06\/Bois-coupe-interieur-AdobeStock_-4@2x-300x260.png 300w, https:\/\/www.chalet-savoie.com\/wp-content\/uploads\/2021\/06\/Bois-coupe-interieur-AdobeStock_-4@2x-1024x886.png 1024w, https:\/\/www.chalet-savoie.com\/wp-content\/uploads\/2021\/06\/Bois-coupe-interieur-AdobeStock_-4@2x-768x665.png 768w, https:\/\/www.chalet-savoie.com\/wp-content\/uploads\/2021\/06\/Bois-coupe-interieur-AdobeStock_-4@2x-14x12.png 14w\" sizes=\"(max-width: 1144px) 100vw, 1144px\" title=\"Photo -\">\t\t\t\t\t\t\t\t\t\t\t\t\t\t\t<\/div>\n\t\t\t\t<\/div>\n\t\t\t\t<div class=\"elementor-element elementor-element-7727f82 elementor-widget elementor-widget-heading\" data-id=\"7727f82\" data-element_type=\"widget\" data-e-type=\"widget\" data-widget_type=\"heading.default\">\n\t\t\t\t<div class=\"elementor-widget-container\">\n\t\t\t\t\t<h2 class=\"elementor-heading-title elementor-size-default\">Stroll on the passes<\/h2>\t\t\t\t<\/div>\n\t\t\t\t<\/div>\n\t\t\t\t<div class=\"elementor-element elementor-element-213480c elementor-widget elementor-widget-text-editor\" data-id=\"213480c\" data-element_type=\"widget\" data-e-type=\"widget\" data-widget_type=\"text-editor.default\">\n\t\t\t\t<div class=\"elementor-widget-container\">\n\t\t\t\t\t\t\t\t\t<p>Take advantage of the snow to go and climb the famous passes of the Alps! Col de la montagne \/ Col de l'iseran \/ Col du petit saint Bernard, all of them can be done by bike or by motorbike, you have the choice !<\/p>\t\t\t\t\t\t\t\t<\/div>\n\t\t\t\t<\/div>\n\t\t\t\t<div class=\"elementor-element elementor-element-8fdafe4 elementor-widget elementor-widget-text-editor\" data-id=\"8fdafe4\" data-element_type=\"widget\" data-e-type=\"widget\" data-widget_type=\"text-editor.default\">\n\t\t\t\t<div class=\"elementor-widget-container\">\n\t\t\t\t\t\t\t\t\t<p>Their closure to traffic allows skiers to ski down the slopes of the Tarentaise passes with exceptional views of the surrounding massifs, including the Mont Blanc!<\/p>\t\t\t\t\t\t\t\t<\/div>\n\t\t\t\t<\/div>\n\t\t\t\t<div class=\"elementor-element elementor-element-cc94f55 elementor-align-center elementor-widget elementor-widget-button\" data-id=\"cc94f55\" data-element_type=\"widget\" data-e-type=\"widget\" data-widget_type=\"button.default\">\n\t\t\t\t<div class=\"elementor-widget-container\">\n\t\t\t\t\t\t\t\t\t<div class=\"elementor-button-wrapper\">\n\t\t\t\t\t<a class=\"elementor-button elementor-button-link elementor-size-sm\" href=\"https:\/\/www.chalet-savoie.com\/wp-content\/uploads\/2021\/06\/Plan-des-pistes.jpg\">\n\t\t\t\t\t\t<span class=\"elementor-button-content-wrapper\">\n\t\t\t\t\t\t\t\t\t<span class=\"elementor-button-text\">Map of Les Arcs<\/span>\n\t\t\t\t\t<\/span>\n\t\t\t\t\t<\/a>\n\t\t\t\t<\/div>\n\t\t\t\t\t\t\t\t<\/div>\n\t\t\t\t<\/div>\n\t\t\t\t\t<\/div>\n\t\t<\/div>\n\t\t\t\t<div class=\"elementor-column elementor-col-50 elementor-top-column elementor-element elementor-element-e56ce0d elementor-hidden-tablet elementor-hidden-phone elementor-invisible\" data-id=\"e56ce0d\" data-element_type=\"column\" data-e-type=\"column\" data-settings=\"{&quot;background_background&quot;:&quot;classic&quot;,&quot;animation&quot;:&quot;fadeInRight&quot;}\">\n\t\t\t<div class=\"elementor-widget-wrap elementor-element-populated\">\n\t\t\t\t\t\t<div class=\"elementor-element elementor-element-314272d elementor-widget elementor-widget-spacer\" data-id=\"314272d\" data-element_type=\"widget\" data-e-type=\"widget\" data-widget_type=\"spacer.default\">\n\t\t\t\t<div class=\"elementor-widget-container\">\n\t\t\t\t\t\t\t<div class=\"elementor-spacer\">\n\t\t\t<div class=\"elementor-spacer-inner\"><\/div>\n\t\t<\/div>\n\t\t\t\t\t\t<\/div>\n\t\t\t\t<\/div>\n\t\t\t\t\t<\/div>\n\t\t<\/div>\n\t\t\t\t\t<\/div>\n\t\t<\/section>\n\t\t\t\t<section class=\"elementor-section elementor-top-section elementor-element elementor-element-1d9856a elementor-section-boxed elementor-section-height-default elementor-section-height-default\" data-id=\"1d9856a\" data-element_type=\"section\" data-e-type=\"section\" data-settings=\"{&quot;background_background&quot;:&quot;classic&quot;}\">\n\t\t\t\t\t\t<div class=\"elementor-container elementor-column-gap-default\">\n\t\t\t\t\t<div class=\"elementor-column elementor-col-33 elementor-top-column elementor-element elementor-element-009c619 elementor-invisible\" data-id=\"009c619\" data-element_type=\"column\" data-e-type=\"column\" data-settings=\"{&quot;background_background&quot;:&quot;classic&quot;,&quot;animation&quot;:&quot;fadeInLeft&quot;}\">\n\t\t\t<div class=\"elementor-widget-wrap elementor-element-populated\">\n\t\t\t\t\t\t<section class=\"elementor-section elementor-inner-section elementor-element elementor-element-88f5280 elementor-section-height-min-height elementor-section-boxed elementor-section-height-default\" data-id=\"88f5280\" data-element_type=\"section\" data-e-type=\"section\">\n\t\t\t\t\t\t<div class=\"elementor-container elementor-column-gap-default\">\n\t\t\t\t\t<div class=\"elementor-column elementor-col-100 elementor-inner-column elementor-element elementor-element-97ee0cc\" data-id=\"97ee0cc\" data-element_type=\"column\" data-e-type=\"column\" data-settings=\"{&quot;background_background&quot;:&quot;classic&quot;}\">\n\t\t\t<div class=\"elementor-widget-wrap elementor-element-populated\">\n\t\t\t\t\t<div class=\"elementor-background-overlay\"><\/div>\n\t\t\t\t\t\t<div class=\"elementor-element elementor-element-bb8aeb3 elementor-widget elementor-widget-heading\" data-id=\"bb8aeb3\" data-element_type=\"widget\" data-e-type=\"widget\" data-widget_type=\"heading.default\">\n\t\t\t\t<div class=\"elementor-widget-container\">\n\t\t\t\t\t<h2 class=\"elementor-heading-title elementor-size-default\">Winter<br>les Arcs<\/h2>\t\t\t\t<\/div>\n\t\t\t\t<\/div>\n\t\t\t\t<div class=\"elementor-element elementor-element-acc6e27 elementor-widget elementor-widget-text-editor\" data-id=\"acc6e27\" data-element_type=\"widget\" data-e-type=\"widget\" data-widget_type=\"text-editor.default\">\n\t\t\t\t<div class=\"elementor-widget-container\">\n\t\t\t\t\t\t\t\t\t<p>Located near the high altitude Alpine passes, the Tarentaise is bordered by the most famous French ski resorts, including Arc 1600.<\/p>\t\t\t\t\t\t\t\t<\/div>\n\t\t\t\t<\/div>\n\t\t\t\t<div class=\"elementor-element elementor-element-9120a37 elementor-widget elementor-widget-text-editor\" data-id=\"9120a37\" data-element_type=\"widget\" data-e-type=\"widget\" data-widget_type=\"text-editor.default\">\n\t\t\t\t<div class=\"elementor-widget-container\">\n\t\t\t\t\t\t\t\t\t<p>With the 11 ski lifts spread over the whole of the Les Arcs area, you can explore the whole of the Alpine environment during your ski holidays with family or friends!<\/p>\t\t\t\t\t\t\t\t<\/div>\n\t\t\t\t<\/div>\n\t\t\t\t<div class=\"elementor-element elementor-element-a83a39b elementor-align-center elementor-widget elementor-widget-button\" data-id=\"a83a39b\" data-element_type=\"widget\" data-e-type=\"widget\" data-widget_type=\"button.default\">\n\t\t\t\t<div class=\"elementor-widget-container\">\n\t\t\t\t\t\t\t\t\t<div class=\"elementor-button-wrapper\">\n\t\t\t\t\t<a class=\"elementor-button elementor-button-link elementor-size-sm\" href=\"https:\/\/www.chalet-savoie.com\/en\/winter-les-arcs\/\">\n\t\t\t\t\t\t<span class=\"elementor-button-content-wrapper\">\n\t\t\t\t\t\t\t\t\t<span class=\"elementor-button-text\">Read more<\/span>\n\t\t\t\t\t<\/span>\n\t\t\t\t\t<\/a>\n\t\t\t\t<\/div>\n\t\t\t\t\t\t\t\t<\/div>\n\t\t\t\t<\/div>\n\t\t\t\t\t<\/div>\n\t\t<\/div>\n\t\t\t\t\t<\/div>\n\t\t<\/section>\n\t\t\t\t\t<\/div>\n\t\t<\/div>\n\t\t\t\t<div class=\"elementor-column elementor-col-33 elementor-top-column elementor-element elementor-element-5c1b092 elementor-invisible\" data-id=\"5c1b092\" data-element_type=\"column\" data-e-type=\"column\" data-settings=\"{&quot;background_background&quot;:&quot;classic&quot;,&quot;animation&quot;:&quot;fadeInUp&quot;}\">\n\t\t\t<div class=\"elementor-widget-wrap elementor-element-populated\">\n\t\t\t\t\t\t<section class=\"elementor-section elementor-inner-section elementor-element elementor-element-929e6d9 elementor-section-height-min-height elementor-section-boxed elementor-section-height-default\" data-id=\"929e6d9\" data-element_type=\"section\" data-e-type=\"section\">\n\t\t\t\t\t\t<div class=\"elementor-container elementor-column-gap-default\">\n\t\t\t\t\t<div class=\"elementor-column elementor-col-100 elementor-inner-column elementor-element elementor-element-c653b0b\" data-id=\"c653b0b\" data-element_type=\"column\" data-e-type=\"column\" data-settings=\"{&quot;background_background&quot;:&quot;classic&quot;}\">\n\t\t\t<div class=\"elementor-widget-wrap elementor-element-populated\">\n\t\t\t\t\t<div class=\"elementor-background-overlay\"><\/div>\n\t\t\t\t\t\t<div class=\"elementor-element elementor-element-031561e elementor-widget elementor-widget-heading\" data-id=\"031561e\" data-element_type=\"widget\" data-e-type=\"widget\" data-widget_type=\"heading.default\">\n\t\t\t\t<div class=\"elementor-widget-container\">\n\t\t\t\t\t<h2 class=\"elementor-heading-title elementor-size-default\">Summer<br>les Arcs<\/h2>\t\t\t\t<\/div>\n\t\t\t\t<\/div>\n\t\t\t\t<div class=\"elementor-element elementor-element-e1656af elementor-widget elementor-widget-text-editor\" data-id=\"e1656af\" data-element_type=\"widget\" data-e-type=\"widget\" data-widget_type=\"text-editor.default\">\n\t\t\t\t<div class=\"elementor-widget-container\">\n\t\t\t\t\t\t\t\t\t<p>Enjoy from your chalet in Les Arcs the great diversity of landscapes, history and biodiversity offered by the mountain ranges surrounding the Tarentaise valley in Savoie !<\/p>\t\t\t\t\t\t\t\t<\/div>\n\t\t\t\t<\/div>\n\t\t\t\t<div class=\"elementor-element elementor-element-270bce7 elementor-widget elementor-widget-text-editor\" data-id=\"270bce7\" data-element_type=\"widget\" data-e-type=\"widget\" data-widget_type=\"text-editor.default\">\n\t\t\t\t<div class=\"elementor-widget-container\">\n\t\t\t\t\t\t\t\t\t<p>The mountains are so much different in summer than in winter. Explore this part of the Alps differently!<\/p>\t\t\t\t\t\t\t\t<\/div>\n\t\t\t\t<\/div>\n\t\t\t\t<div class=\"elementor-element elementor-element-cbc8494 elementor-align-center elementor-widget elementor-widget-button\" data-id=\"cbc8494\" data-element_type=\"widget\" data-e-type=\"widget\" data-widget_type=\"button.default\">\n\t\t\t\t<div class=\"elementor-widget-container\">\n\t\t\t\t\t\t\t\t\t<div class=\"elementor-button-wrapper\">\n\t\t\t\t\t<a class=\"elementor-button elementor-button-link elementor-size-sm\" href=\"https:\/\/www.chalet-savoie.com\/en\/summer-les-arcs\/\">\n\t\t\t\t\t\t<span class=\"elementor-button-content-wrapper\">\n\t\t\t\t\t\t\t\t\t<span class=\"elementor-button-text\">Read more<\/span>\n\t\t\t\t\t<\/span>\n\t\t\t\t\t<\/a>\n\t\t\t\t<\/div>\n\t\t\t\t\t\t\t\t<\/div>\n\t\t\t\t<\/div>\n\t\t\t\t\t<\/div>\n\t\t<\/div>\n\t\t\t\t\t<\/div>\n\t\t<\/section>\n\t\t\t\t\t<\/div>\n\t\t<\/div>\n\t\t\t\t<div class=\"elementor-column elementor-col-33 elementor-top-column elementor-element elementor-element-ad5f2a5 elementor-invisible\" data-id=\"ad5f2a5\" data-element_type=\"column\" data-e-type=\"column\" data-settings=\"{&quot;background_background&quot;:&quot;classic&quot;,&quot;animation&quot;:&quot;fadeInRight&quot;}\">\n\t\t\t<div class=\"elementor-widget-wrap elementor-element-populated\">\n\t\t\t\t\t\t<section class=\"elementor-section elementor-inner-section elementor-element elementor-element-a24770e elementor-section-height-min-height elementor-section-boxed elementor-section-height-default\" data-id=\"a24770e\" data-element_type=\"section\" data-e-type=\"section\">\n\t\t\t\t\t\t<div class=\"elementor-container elementor-column-gap-default\">\n\t\t\t\t\t<div class=\"elementor-column elementor-col-100 elementor-inner-column elementor-element elementor-element-c1fcb17\" data-id=\"c1fcb17\" data-element_type=\"column\" data-e-type=\"column\" data-settings=\"{&quot;background_background&quot;:&quot;classic&quot;}\">\n\t\t\t<div class=\"elementor-widget-wrap elementor-element-populated\">\n\t\t\t\t\t<div class=\"elementor-background-overlay\"><\/div>\n\t\t\t\t\t\t<div class=\"elementor-element elementor-element-b40f185 elementor-widget elementor-widget-heading\" data-id=\"b40f185\" data-element_type=\"widget\" data-e-type=\"widget\" data-widget_type=\"heading.default\">\n\t\t\t\t<div class=\"elementor-widget-container\">\n\t\t\t\t\t<h2 class=\"elementor-heading-title elementor-size-default\">Bourg-<br>Saint-Maurice<\/h2>\t\t\t\t<\/div>\n\t\t\t\t<\/div>\n\t\t\t\t<div class=\"elementor-element elementor-element-bdd7c4e elementor-widget elementor-widget-text-editor\" data-id=\"bdd7c4e\" data-element_type=\"widget\" data-e-type=\"widget\" data-widget_type=\"text-editor.default\">\n\t\t\t\t<div class=\"elementor-widget-container\">\n\t\t\t\t\t\t\t\t\t<p>Put your bags down in Bourg St Maurice, a strategic location to be in the heart of the Tarantaise valley and the surrounding mountains.<\/p>\t\t\t\t\t\t\t\t<\/div>\n\t\t\t\t<\/div>\n\t\t\t\t<div class=\"elementor-element elementor-element-391648c elementor-widget elementor-widget-text-editor\" data-id=\"391648c\" data-element_type=\"widget\" data-e-type=\"widget\" data-widget_type=\"text-editor.default\">\n\t\t\t\t<div class=\"elementor-widget-container\">\n\t\t\t\t\t\t\t\t\t<p>The funicular takes you to the Arc 1600 in a few minutes and opens the doors to outdoor activities!<\/p>\t\t\t\t\t\t\t\t<\/div>\n\t\t\t\t<\/div>\n\t\t\t\t<div class=\"elementor-element elementor-element-f3bc608 elementor-align-center elementor-widget elementor-widget-button\" data-id=\"f3bc608\" data-element_type=\"widget\" data-e-type=\"widget\" data-widget_type=\"button.default\">\n\t\t\t\t<div class=\"elementor-widget-container\">\n\t\t\t\t\t\t\t\t\t<div class=\"elementor-button-wrapper\">\n\t\t\t\t\t<a class=\"elementor-button elementor-button-link elementor-size-sm\" href=\"https:\/\/www.chalet-savoie.com\/en\/bourg-saint-maurice\/\">\n\t\t\t\t\t\t<span class=\"elementor-button-content-wrapper\">\n\t\t\t\t\t\t\t\t\t<span class=\"elementor-button-text\">Read more<\/span>\n\t\t\t\t\t<\/span>\n\t\t\t\t\t<\/a>\n\t\t\t\t<\/div>\n\t\t\t\t\t\t\t\t<\/div>\n\t\t\t\t<\/div>\n\t\t\t\t\t<\/div>\n\t\t<\/div>\n\t\t\t\t\t<\/div>\n\t\t<\/section>\n\t\t\t\t\t<\/div>\n\t\t<\/div>\n\t\t\t\t\t<\/div>\n\t\t<\/section>\n\t\t\t\t<\/div>","protected":false},"excerpt":{"rendered":"<p>Alentours Balade sur les cols Profitez de l&rsquo;enneigement pour partir \u00e0 l&rsquo;assaut des c\u00e9l\u00e8bres cols des Alpes ! Col de la montagne \/ Col de l&rsquo;iseran \/ Col du petit saint Bernard, tous se font \u00e0 v\u00e9lo ou en moto, vous avez l&#8217;embarras du choix ! Leur fermeture \u00e0 la circulation permet aux skieurs de [&hellip;]<\/p>\n","protected":false},"author":7,"featured_media":0,"parent":0,"menu_order":0,"comment_status":"closed","ping_status":"closed","template":"","meta":{"_acf_changed":false,"inline_featured_image":false,"footnotes":""},"class_list":["post-1079","page","type-page","status-publish","hentry"],"acf":[],"_links":{"self":[{"href":"https:\/\/www.chalet-savoie.com\/en\/wp-json\/wp\/v2\/pages\/1079","targetHints":{"allow":["GET"]}}],"collection":[{"href":"https:\/\/www.chalet-savoie.com\/en\/wp-json\/wp\/v2\/pages"}],"about":[{"href":"https:\/\/www.chalet-savoie.com\/en\/wp-json\/wp\/v2\/types\/page"}],"author":[{"embeddable":true,"href":"https:\/\/www.chalet-savoie.com\/en\/wp-json\/wp\/v2\/users\/7"}],"replies":[{"embeddable":true,"href":"https:\/\/www.chalet-savoie.com\/en\/wp-json\/wp\/v2\/comments?post=1079"}],"version-history":[{"count":151,"href":"https:\/\/www.chalet-savoie.com\/en\/wp-json\/wp\/v2\/pages\/1079\/revisions"}],"predecessor-version":[{"id":3107,"href":"https:\/\/www.chalet-savoie.com\/en\/wp-json\/wp\/v2\/pages\/1079\/revisions\/3107"}],"wp:attachment":[{"href":"https:\/\/www.chalet-savoie.com\/en\/wp-json\/wp\/v2\/media?parent=1079"}],"curies":[{"name":"wp","href":"https:\/\/api.w.org\/{rel}","templated":true}]}}